{"id":8,"date":"2021-02-24T16:31:34","date_gmt":"2021-02-24T15:31:34","guid":{"rendered":"http:\/\/www.lagrangedesoulan.fr\/?page_id=8"},"modified":"2024-09-29T18:29:24","modified_gmt":"2024-09-29T16:29:24","slug":"contact","status":"publish","type":"page","link":"https:\/\/www.lagrangedesoulan.fr\/index.php\/contact\/","title":{"rendered":"Contact"},"content":{"rendered":"\n<p><strong><em>Je reste disponible pour toute demande, n&rsquo;h\u00e9sitez pas! Je r\u00e9pondrai dans les meilleurs d\u00e9lais.<\/em><\/strong><\/p>\n\n\n<div class='fluentform ff-default fluentform_wrapper_1 ffs_default_wrap'><form data-form_id=\"1\" id=\"fluentform_1\" class=\"frm-fluent-form fluent_form_1 ff-el-form-top ff_form_instance_1_1 ff-form-loading ffs_default\" data-form_instance=\"ff_form_instance_1_1\" method=\"POST\" ><fieldset  style=\"border: none!important;margin: 0!important;padding: 0!important;background-color: transparent!important;box-shadow: none!important;outline: none!important; min-inline-size: 100%;\">\n                    <legend class=\"ff_screen_reader_title\" style=\"display: block; margin: 0!important;padding: 0!important;height: 0!important;text-indent: -999999px;width: 0!important;overflow:hidden;\">Contact Form Demo<\/legend><p style=\"display: none !important;\" class=\"akismet-fields-container\" data-prefix=\"ak_\"><label>&#916;<textarea name=\"ak_hp_textarea\" cols=\"45\" rows=\"8\" maxlength=\"100\"><\/textarea><\/label><input type=\"hidden\" id=\"ak_js_1\" name=\"ak_js\" value=\"218\"\/><script>document.getElementById( \"ak_js_1\" ).setAttribute( \"value\", ( new Date() ).getTime() );<\/script><\/p><input type='hidden' name='__fluent_form_embded_post_id' value='8' \/><input type=\"hidden\" id=\"_fluentform_1_fluentformnonce\" name=\"_fluentform_1_fluentformnonce\" value=\"5e7273c4b3\" \/><input type=\"hidden\" name=\"_wp_http_referer\" value=\"\/index.php\/wp-json\/wp\/v2\/pages\/8\" \/><div data-type=\"name-element\" data-name=\"names\" class=\" ff-field_container ff-name-field-wrapper\" ><div class='ff-t-container'><div class='ff-t-cell '><div class='ff-el-group ff-el-form-top'><div class=\"ff-el-input--label asterisk-right\"><label for='ff_1_names_last_name_' aria-label=\"Nom de famille\">Nom de famille<\/label><\/div><div class='ff-el-input--content'><input type=\"text\" name=\"names[last_name]\" id=\"ff_1_names_last_name_\" class=\"ff-el-form-control\" placeholder=\"Nom de famille\" aria-invalid=\"false\" aria-required=false><\/div><\/div><\/div><\/div><\/div><div class='ff-el-group'><div class=\"ff-el-input--label ff-el-is-required asterisk-right\"><label for='ff_1_email' aria-label=\"Email\">Email<\/label><\/div><div class='ff-el-input--content'><input type=\"email\" name=\"email\" id=\"ff_1_email\" class=\"ff-el-form-control\" placeholder=\"Email Address\" data-name=\"email\"  aria-invalid=\"false\" aria-required=true><\/div><\/div><div class='ff-el-group'><div class=\"ff-el-input--label asterisk-right\"><label for='ff_1_subject' aria-label=\"OBJET\">OBJET<\/label><\/div><div class='ff-el-input--content'><input type=\"text\" name=\"subject\" class=\"ff-el-form-control\" placeholder=\"Subject\" data-name=\"subject\" id=\"ff_1_subject\"  aria-invalid=\"false\" aria-required=false><\/div><\/div><div class='ff-el-group'><div class=\"ff-el-input--label ff-el-is-required asterisk-right\"><label for='ff_1_message' aria-label=\"Message\">Message<\/label><\/div><div class='ff-el-input--content'><textarea aria-invalid=\"false\" aria-required=true name=\"message\" id=\"ff_1_message\" class=\"ff-el-form-control\" placeholder=\"Your Message\" rows=\"4\" cols=\"2\" data-name=\"message\" ><\/textarea><\/div><\/div><div class='ff-el-group ff-text-left ff_submit_btn_wrapper'><button type=\"submit\" class=\"ff-btn ff-btn-submit ff-btn-md ff_btn_style\" >ENVOYER<\/button><\/div><\/fieldset><\/form><div id='fluentform_1_errors' class='ff-errors-in-stack ff_form_instance_1_1 ff-form-loading_errors ff_form_instance_1_1_errors'><\/div><\/div>        <script type=\"text\/javascript\">\n            window.fluent_form_ff_form_instance_1_1 = {\"id\":\"1\",\"settings\":{\"layout\":{\"labelPlacement\":\"top\",\"helpMessagePlacement\":\"with_label\",\"errorMessagePlacement\":\"inline\",\"cssClassName\":\"\",\"asteriskPlacement\":\"asterisk-right\"},\"restrictions\":{\"denyEmptySubmission\":{\"enabled\":false}}},\"form_instance\":\"ff_form_instance_1_1\",\"form_id_selector\":\"fluentform_1\",\"rules\":{\"names[first_name]\":{\"required\":{\"value\":false,\"message\":\"Ce champ est obligatoire\",\"global_message\":\"Ce champ est obligatoire\",\"global\":true}},\"names[middle_name]\":{\"required\":{\"value\":false,\"message\":\"Ce champ est obligatoire\",\"global_message\":\"Ce champ est obligatoire\",\"global\":true}},\"names[last_name]\":{\"required\":{\"value\":false,\"message\":\"Ce champ est obligatoire\",\"global_message\":\"Ce champ est obligatoire\",\"global\":true}},\"email\":{\"required\":{\"value\":true,\"message\":\"This field is required\",\"global\":false,\"global_message\":\"Ce champ est obligatoire\"},\"email\":{\"value\":true,\"message\":\"This field must contain a valid email\",\"global\":false,\"global_message\":\"Ce champ doit contenir un e-mail valide\"}},\"subject\":{\"required\":{\"value\":false,\"message\":\"This field is required\",\"global\":false,\"global_message\":\"Ce champ est obligatoire\"}},\"message\":{\"required\":{\"value\":true,\"message\":\"This field is required\",\"global\":false,\"global_message\":\"Ce champ est obligatoire\"}}}};\n                    <\/script>\n        \n\n\n\n<iframe src=\"https:\/\/www.google.com\/maps\/embed?pb=!1m18!1m12!1m3!1d751.5103299830084!2d0.2945317434139217!3d42.82992484976313!2m3!1f0!2f0!3f0!3m2!1i1024!2i768!4f13.1!3m3!1m2!1s0x0%3A0x0!2zNDLCsDQ5JzQ3LjUiTiAwwrAxNyc0MS40IkU!5e1!3m2!1sfr!2sfr!4v1614426065889!5m2!1sfr!2sfr\" width=\"600\" height=\"450\" style=\"border:0;\" allowfullscreen=\"\" loading=\"lazy\"><\/iframe>\n\n\n\n<p><\/p>\n","protected":false},"excerpt":{"rendered":"<p>Je reste disponible pour toute demande, n&rsquo;h\u00e9sitez pas! Je r\u00e9pondrai dans les meilleurs d\u00e9lais.<\/p>\n","protected":false},"author":1,"featured_media":0,"parent":0,"menu_order":0,"comment_status":"closed","ping_status":"closed","template":"","meta":{"_monsterinsights_skip_tracking":false,"_monsterinsights_sitenote_active":false,"_monsterinsights_sitenote_note":"","_monsterinsights_sitenote_category":0,"footnotes":""},"class_list":["post-8","page","type-page","status-publish","hentry"],"yoast_head":"<!-- This site is optimized with the Yoast SEO plugin v25.6 - https:\/\/yoast.com\/wordpress\/plugins\/seo\/ -->\n<title>Contact - La Grange de Soulan<\/title>\n<meta name=\"robots\" content=\"index, follow, max-snippet:-1, max-image-preview:large, max-video-preview:-1\" \/>\n<link rel=\"canonical\" href=\"https:\/\/www.lagrangedesoulan.fr\/index.php\/contact\/\" \/>\n<meta property=\"og:locale\" content=\"fr_FR\" \/>\n<meta property=\"og:type\" content=\"article\" \/>\n<meta property=\"og:title\" content=\"Contact - La Grange de Soulan\" \/>\n<meta property=\"og:description\" content=\"Je reste disponible pour toute demande, n&rsquo;h\u00e9sitez pas! Je r\u00e9pondrai dans les meilleurs d\u00e9lais.\" \/>\n<meta property=\"og:url\" content=\"https:\/\/www.lagrangedesoulan.fr\/index.php\/contact\/\" \/>\n<meta property=\"og:site_name\" content=\"La Grange de Soulan\" \/>\n<meta property=\"article:modified_time\" content=\"2024-09-29T16:29:24+00:00\" \/>\n<meta name=\"twitter:card\" content=\"summary_large_image\" \/>\n<meta name=\"twitter:label1\" content=\"Dur\u00e9e de lecture estim\u00e9e\" \/>\n\t<meta name=\"twitter:data1\" content=\"1 minute\" \/>\n<script type=\"application\/ld+json\" class=\"yoast-schema-graph\">{\"@context\":\"https:\/\/schema.org\",\"@graph\":[{\"@type\":\"WebPage\",\"@id\":\"https:\/\/www.lagrangedesoulan.fr\/index.php\/contact\/\",\"url\":\"https:\/\/www.lagrangedesoulan.fr\/index.php\/contact\/\",\"name\":\"Contact - La Grange de Soulan\",\"isPartOf\":{\"@id\":\"https:\/\/www.lagrangedesoulan.fr\/#website\"},\"datePublished\":\"2021-02-24T15:31:34+00:00\",\"dateModified\":\"2024-09-29T16:29:24+00:00\",\"breadcrumb\":{\"@id\":\"https:\/\/www.lagrangedesoulan.fr\/index.php\/contact\/#breadcrumb\"},\"inLanguage\":\"fr-FR\",\"potentialAction\":[{\"@type\":\"ReadAction\",\"target\":[\"https:\/\/www.lagrangedesoulan.fr\/index.php\/contact\/\"]}]},{\"@type\":\"BreadcrumbList\",\"@id\":\"https:\/\/www.lagrangedesoulan.fr\/index.php\/contact\/#breadcrumb\",\"itemListElement\":[{\"@type\":\"ListItem\",\"position\":1,\"name\":\"Accueil\",\"item\":\"https:\/\/www.lagrangedesoulan.fr\/\"},{\"@type\":\"ListItem\",\"position\":2,\"name\":\"Contact\"}]},{\"@type\":\"WebSite\",\"@id\":\"https:\/\/www.lagrangedesoulan.fr\/#website\",\"url\":\"https:\/\/www.lagrangedesoulan.fr\/\",\"name\":\"La Grange de Soulan\",\"description\":\"Bienvenue dans cette grange r\u00e9nov\u00e9e avec vue splendide\",\"publisher\":{\"@id\":\"https:\/\/www.lagrangedesoulan.fr\/#organization\"},\"potentialAction\":[{\"@type\":\"SearchAction\",\"target\":{\"@type\":\"EntryPoint\",\"urlTemplate\":\"https:\/\/www.lagrangedesoulan.fr\/?s={search_term_string}\"},\"query-input\":{\"@type\":\"PropertyValueSpecification\",\"valueRequired\":true,\"valueName\":\"search_term_string\"}}],\"inLanguage\":\"fr-FR\"},{\"@type\":\"Organization\",\"@id\":\"https:\/\/www.lagrangedesoulan.fr\/#organization\",\"name\":\"La grange de soulan\",\"url\":\"https:\/\/www.lagrangedesoulan.fr\/\",\"logo\":{\"@type\":\"ImageObject\",\"inLanguage\":\"fr-FR\",\"@id\":\"https:\/\/www.lagrangedesoulan.fr\/#\/schema\/logo\/image\/\",\"url\":\"http:\/\/www.lagrangedesoulan.fr\/wp-content\/uploads\/2021\/02\/logo.jpg\",\"contentUrl\":\"http:\/\/www.lagrangedesoulan.fr\/wp-content\/uploads\/2021\/02\/logo.jpg\",\"width\":198,\"height\":255,\"caption\":\"La grange de soulan\"},\"image\":{\"@id\":\"https:\/\/www.lagrangedesoulan.fr\/#\/schema\/logo\/image\/\"}}]}<\/script>\n<!-- \/ Yoast SEO plugin. -->","yoast_head_json":{"title":"Contact - La Grange de Soulan","robots":{"index":"index","follow":"follow","max-snippet":"max-snippet:-1","max-image-preview":"max-image-preview:large","max-video-preview":"max-video-preview:-1"},"canonical":"https:\/\/www.lagrangedesoulan.fr\/index.php\/contact\/","og_locale":"fr_FR","og_type":"article","og_title":"Contact - La Grange de Soulan","og_description":"Je reste disponible pour toute demande, n&rsquo;h\u00e9sitez pas! Je r\u00e9pondrai dans les meilleurs d\u00e9lais.","og_url":"https:\/\/www.lagrangedesoulan.fr\/index.php\/contact\/","og_site_name":"La Grange de Soulan","article_modified_time":"2024-09-29T16:29:24+00:00","twitter_card":"summary_large_image","twitter_misc":{"Dur\u00e9e de lecture estim\u00e9e":"1 minute"},"schema":{"@context":"https:\/\/schema.org","@graph":[{"@type":"WebPage","@id":"https:\/\/www.lagrangedesoulan.fr\/index.php\/contact\/","url":"https:\/\/www.lagrangedesoulan.fr\/index.php\/contact\/","name":"Contact - La Grange de Soulan","isPartOf":{"@id":"https:\/\/www.lagrangedesoulan.fr\/#website"},"datePublished":"2021-02-24T15:31:34+00:00","dateModified":"2024-09-29T16:29:24+00:00","breadcrumb":{"@id":"https:\/\/www.lagrangedesoulan.fr\/index.php\/contact\/#breadcrumb"},"inLanguage":"fr-FR","potentialAction":[{"@type":"ReadAction","target":["https:\/\/www.lagrangedesoulan.fr\/index.php\/contact\/"]}]},{"@type":"BreadcrumbList","@id":"https:\/\/www.lagrangedesoulan.fr\/index.php\/contact\/#breadcrumb","itemListElement":[{"@type":"ListItem","position":1,"name":"Accueil","item":"https:\/\/www.lagrangedesoulan.fr\/"},{"@type":"ListItem","position":2,"name":"Contact"}]},{"@type":"WebSite","@id":"https:\/\/www.lagrangedesoulan.fr\/#website","url":"https:\/\/www.lagrangedesoulan.fr\/","name":"La Grange de Soulan","description":"Bienvenue dans cette grange r\u00e9nov\u00e9e avec vue splendide","publisher":{"@id":"https:\/\/www.lagrangedesoulan.fr\/#organization"},"potentialAction":[{"@type":"SearchAction","target":{"@type":"EntryPoint","urlTemplate":"https:\/\/www.lagrangedesoulan.fr\/?s={search_term_string}"},"query-input":{"@type":"PropertyValueSpecification","valueRequired":true,"valueName":"search_term_string"}}],"inLanguage":"fr-FR"},{"@type":"Organization","@id":"https:\/\/www.lagrangedesoulan.fr\/#organization","name":"La grange de soulan","url":"https:\/\/www.lagrangedesoulan.fr\/","logo":{"@type":"ImageObject","inLanguage":"fr-FR","@id":"https:\/\/www.lagrangedesoulan.fr\/#\/schema\/logo\/image\/","url":"http:\/\/www.lagrangedesoulan.fr\/wp-content\/uploads\/2021\/02\/logo.jpg","contentUrl":"http:\/\/www.lagrangedesoulan.fr\/wp-content\/uploads\/2021\/02\/logo.jpg","width":198,"height":255,"caption":"La grange de soulan"},"image":{"@id":"https:\/\/www.lagrangedesoulan.fr\/#\/schema\/logo\/image\/"}}]}},"_links":{"self":[{"href":"https:\/\/www.lagrangedesoulan.fr\/index.php\/wp-json\/wp\/v2\/pages\/8"}],"collection":[{"href":"https:\/\/www.lagrangedesoulan.fr\/index.php\/wp-json\/wp\/v2\/pages"}],"about":[{"href":"https:\/\/www.lagrangedesoulan.fr\/index.php\/wp-json\/wp\/v2\/types\/page"}],"author":[{"embeddable":true,"href":"https:\/\/www.lagrangedesoulan.fr\/index.php\/wp-json\/wp\/v2\/users\/1"}],"replies":[{"embeddable":true,"href":"https:\/\/www.lagrangedesoulan.fr\/index.php\/wp-json\/wp\/v2\/comments?post=8"}],"version-history":[{"count":12,"href":"https:\/\/www.lagrangedesoulan.fr\/index.php\/wp-json\/wp\/v2\/pages\/8\/revisions"}],"predecessor-version":[{"id":175,"href":"https:\/\/www.lagrangedesoulan.fr\/index.php\/wp-json\/wp\/v2\/pages\/8\/revisions\/175"}],"wp:attachment":[{"href":"https:\/\/www.lagrangedesoulan.fr\/index.php\/wp-json\/wp\/v2\/media?parent=8"}],"curies":[{"name":"wp","href":"https:\/\/api.w.org\/{rel}","templated":true}]}}